{"id":27,"date":"2026-03-07T12:02:12","date_gmt":"2026-03-07T12:02:12","guid":{"rendered":"https:\/\/cbncleanprovalencia.es\/servicios\/"},"modified":"2026-03-07T18:39:42","modified_gmt":"2026-03-07T18:39:42","slug":"servicios","status":"publish","type":"page","link":"https:\/\/cbncleanprovalencia.es\/en\/servicios\/","title":{"rendered":"Services"},"content":{"rendered":"<div class=\"wp-block-group alignfull is-style-ext-preset--group--natural-1--section has-background-background-color has-background has-global-padding is-layout-constrained wp-container-core-group-is-layout-e955bbaf wp-block-group-is-layout-constrained\" id=\"services\" style=\"margin-top:0;margin-bottom:0;padding-top:var(--wp--preset--spacing--70);padding-bottom:var(--wp--preset--spacing--70)\">\n<div class=\"wp-block-group alignwide ext-is-logical-start has-global-padding is-content-justification-left is-layout-constrained wp-container-core-group-is-layout-6729bdbe wp-block-group-is-layout-constrained\">\n<h2 class=\"wp-block-heading ext-animate--on\">Professional cleaning solutions in Valencia and its metropolitan area<\/h2>\n\n\n\n<p class=\"has-text-align-left ext-animate--on\">Discover our wide range of specialized services, focused on excellence and complete customer satisfaction by providing budgets tailored to your needs and concerns, thus delivering a perfect job for your convenience. <\/p>\n\n\n\n<div class=\"wp-block-group has-global-padding is-layout-constrained wp-block-group-is-layout-constrained\">\n<div class=\"wp-block-columns ext-animate--on is-layout-flex wp-container-core-columns-is-layout-28f84493 wp-block-columns-is-layout-flex\">\n<div class=\"wp-block-column ext-animate--on is-layout-flow wp-block-column-is-layout-flow\" style=\"flex-basis:100%\">\n<div class=\"wp-block-group ext-animate--on has-global-padding is-layout-constrained wp-block-group-is-layout-constrained\"><\/div>\n<\/div>\n<\/div>\n<\/div>\n<\/div>\n\n\n\n<div class=\"wp-block-columns alignwide is-layout-flex wp-container-core-columns-is-layout-08c01c1c wp-block-columns-is-layout-flex\">\n<div class=\"wp-block-column ext-animate--on is-layout-flow wp-block-column-is-layout-flow\">\n<div class=\"wp-block-group is-style-ext-preset--group--natural-1--item-card-1--align-start has-global-padding is-layout-constrained wp-block-group-is-layout-constrained is-style-ext-preset--group--natural-1--item-card-1--align-start--2\">\n<figure class=\"wp-block-image size-large\"><img loading=\"lazy\" decoding=\"async\" width=\"1024\" height=\"683\" src=\"https:\/\/cbncleanprovalencia.es\/wp-content\/uploads\/2026\/03\/ChatGPT-Image-2-mar-2026-20_06_23-1024x683.png\" alt=\"\" class=\"wp-image-82\" style=\"aspect-ratio:4\/3;object-fit:cover\" srcset=\"https:\/\/cbncleanprovalencia.es\/wp-content\/uploads\/2026\/03\/ChatGPT-Image-2-mar-2026-20_06_23-1024x683.png 1024w, https:\/\/cbncleanprovalencia.es\/wp-content\/uploads\/2026\/03\/ChatGPT-Image-2-mar-2026-20_06_23-300x200.png 300w, https:\/\/cbncleanprovalencia.es\/wp-content\/uploads\/2026\/03\/ChatGPT-Image-2-mar-2026-20_06_23-768x512.png 768w, https:\/\/cbncleanprovalencia.es\/wp-content\/uploads\/2026\/03\/ChatGPT-Image-2-mar-2026-20_06_23-18x12.png 18w, https:\/\/cbncleanprovalencia.es\/wp-content\/uploads\/2026\/03\/ChatGPT-Image-2-mar-2026-20_06_23.png 1536w\" sizes=\"auto, (max-width: 1024px) 100vw, 1024px\" \/><\/figure>\n\n\n\n<div class=\"wp-block-group is-style-default has-global-padding is-layout-constrained wp-block-group-is-layout-constrained\">\n<h3 class=\"wp-block-heading\">Cleaning post-construction<\/h3>\n\n\n\n<p>Specialized service to remove waste and leave your spaces spotless after construction and renovations. Kitchens, bathrooms, windows\u2014everything will be immaculate and ready for the homeowners.<\/p>\n<\/div>\n<\/div>\n<\/div>\n\n\n\n<div class=\"wp-block-column ext-animate--on is-layout-flow wp-block-column-is-layout-flow\">\n<div class=\"wp-block-group is-style-ext-preset--group--natural-1--item-card-1--align-start has-global-padding is-layout-constrained wp-block-group-is-layout-constrained is-style-ext-preset--group--natural-1--item-card-1--align-start--3\">\n<figure class=\"wp-block-image size-large\"><img loading=\"lazy\" decoding=\"async\" width=\"1024\" height=\"683\" src=\"https:\/\/cbncleanprovalencia.es\/wp-content\/uploads\/2026\/03\/ChatGPT-Image-5-mar-2026-15_59_38-1024x683.png\" alt=\"\" class=\"wp-image-79\" style=\"aspect-ratio:4\/3;object-fit:cover\" srcset=\"https:\/\/cbncleanprovalencia.es\/wp-content\/uploads\/2026\/03\/ChatGPT-Image-5-mar-2026-15_59_38-1024x683.png 1024w, https:\/\/cbncleanprovalencia.es\/wp-content\/uploads\/2026\/03\/ChatGPT-Image-5-mar-2026-15_59_38-300x200.png 300w, https:\/\/cbncleanprovalencia.es\/wp-content\/uploads\/2026\/03\/ChatGPT-Image-5-mar-2026-15_59_38-768x512.png 768w, https:\/\/cbncleanprovalencia.es\/wp-content\/uploads\/2026\/03\/ChatGPT-Image-5-mar-2026-15_59_38-18x12.png 18w, https:\/\/cbncleanprovalencia.es\/wp-content\/uploads\/2026\/03\/ChatGPT-Image-5-mar-2026-15_59_38.png 1536w\" sizes=\"auto, (max-width: 1024px) 100vw, 1024px\" \/><\/figure>\n\n\n\n<div class=\"wp-block-group is-style-default has-global-padding is-layout-constrained wp-block-group-is-layout-constrained\">\n<h3 class=\"wp-block-heading\">Office cleaning<\/h3>\n\n\n\n<p>Personalized attention to maintain a clean and healthy work environment that enhances productivity, prioritizing the comfort of those who make intensive use of the work facilities.<\/p>\n<\/div>\n<\/div>\n<\/div>\n\n\n\n<div class=\"wp-block-column ext-animate--on is-layout-flow wp-block-column-is-layout-flow\">\n<div class=\"wp-block-group is-style-ext-preset--group--natural-1--item-card-1--align-start has-global-padding is-layout-constrained wp-block-group-is-layout-constrained is-style-ext-preset--group--natural-1--item-card-1--align-start--4\">\n<figure class=\"wp-block-gallery has-nested-images columns-default is-cropped ext-animate--on wp-block-gallery-5 is-layout-flex wp-block-gallery-is-layout-flex\">\n<figure class=\"wp-block-image size-large\"><img loading=\"lazy\" decoding=\"async\" width=\"1024\" height=\"683\" data-id=\"77\" src=\"https:\/\/cbncleanprovalencia.es\/wp-content\/uploads\/2026\/03\/ChatGPT-Image-6-mar-2026-11_36_36-1024x683.png\" alt=\"\" class=\"wp-image-77\" style=\"object-fit:cover\" srcset=\"https:\/\/cbncleanprovalencia.es\/wp-content\/uploads\/2026\/03\/ChatGPT-Image-6-mar-2026-11_36_36-1024x683.png 1024w, https:\/\/cbncleanprovalencia.es\/wp-content\/uploads\/2026\/03\/ChatGPT-Image-6-mar-2026-11_36_36-300x200.png 300w, https:\/\/cbncleanprovalencia.es\/wp-content\/uploads\/2026\/03\/ChatGPT-Image-6-mar-2026-11_36_36-768x512.png 768w, https:\/\/cbncleanprovalencia.es\/wp-content\/uploads\/2026\/03\/ChatGPT-Image-6-mar-2026-11_36_36-18x12.png 18w, https:\/\/cbncleanprovalencia.es\/wp-content\/uploads\/2026\/03\/ChatGPT-Image-6-mar-2026-11_36_36.png 1536w\" sizes=\"auto, (max-width: 1024px) 100vw, 1024px\" \/><\/figure>\n<\/figure>\n\n\n\n<div class=\"wp-block-group is-style-default has-global-padding is-layout-constrained wp-block-group-is-layout-constrained\">\n<h3 class=\"wp-block-heading\">Cleaning of tourist apartments and communities<\/h3>\n\n\n\n<p>We guarantee welcoming and sparkling spaces so that both tenants and guests can enjoy a perfect stay, whether for a spontaneous visit to the city or for permanent residence.<\/p>\n<\/div>\n<\/div>\n<\/div>\n<\/div>\n<\/div>\n\n\n\n<div class=\"wp-block-group alignfull is-style-ext-preset--group--natural-1--section ext-animate--on has-tertiary-background-color has-background has-global-padding is-layout-constrained wp-container-core-group-is-layout-ab56ae29 wp-block-group-is-layout-constrained\" id=\"book-now\" style=\"margin-top:0;margin-bottom:0;padding-top:var(--wp--preset--spacing--70);padding-bottom:var(--wp--preset--spacing--70)\">\n<h2 class=\"wp-block-heading has-text-align-center ext-animate--on\">We transform your offices and common areas with professional cleaning.<\/h2>\n\n\n\n<p class=\"has-text-align-center ext-animate--on\" style=\"margin-top:1.5rem\">Book your appointment easily with our clear and simple process, guaranteeing a hassle-free experience.<\/p>\n<\/div>","protected":false},"excerpt":{"rendered":"<p>Soluciones profesionales de limpieza en Valencia y su \u00e1rea metropolitana Descubra nuestra amplia gama de servicios especializados, centrados en la excelencia y la completa satisfacci\u00f3n de nuestros clientes proporcion\u00e1ndoles presupuestos ajustados a sus necesidades y sus inquietudes, realizando as\u00ed un trabajo perfecto para su comodidad. Limpieza final de obra Servicio especializado para eliminar residuos y [&hellip;]<\/p>\n","protected":false},"author":1,"featured_media":0,"parent":0,"menu_order":0,"comment_status":"closed","ping_status":"closed","template":"page-with-title","meta":{"footnotes":""},"class_list":["post-27","page","type-page","status-publish","hentry"],"_links":{"self":[{"href":"https:\/\/cbncleanprovalencia.es\/en\/wp-json\/wp\/v2\/pages\/27","targetHints":{"allow":["GET"]}}],"collection":[{"href":"https:\/\/cbncleanprovalencia.es\/en\/wp-json\/wp\/v2\/pages"}],"about":[{"href":"https:\/\/cbncleanprovalencia.es\/en\/wp-json\/wp\/v2\/types\/page"}],"author":[{"embeddable":true,"href":"https:\/\/cbncleanprovalencia.es\/en\/wp-json\/wp\/v2\/users\/1"}],"replies":[{"embeddable":true,"href":"https:\/\/cbncleanprovalencia.es\/en\/wp-json\/wp\/v2\/comments?post=27"}],"version-history":[{"count":49,"href":"https:\/\/cbncleanprovalencia.es\/en\/wp-json\/wp\/v2\/pages\/27\/revisions"}],"predecessor-version":[{"id":311,"href":"https:\/\/cbncleanprovalencia.es\/en\/wp-json\/wp\/v2\/pages\/27\/revisions\/311"}],"wp:attachment":[{"href":"https:\/\/cbncleanprovalencia.es\/en\/wp-json\/wp\/v2\/media?parent=27"}],"curies":[{"name":"wp","href":"https:\/\/api.w.org\/{rel}","templated":true}]}}