{"id":347,"date":"2026-03-08T10:01:26","date_gmt":"2026-03-08T10:01:26","guid":{"rendered":"https:\/\/cbncleanprovalencia.es\/?page_id=347"},"modified":"2026-03-08T10:01:26","modified_gmt":"2026-03-08T10:01:26","slug":"quienes-somos","status":"publish","type":"page","link":"https:\/\/cbncleanprovalencia.es\/en\/quienes-somos\/","title":{"rendered":"Who we are"},"content":{"rendered":"<div class=\"wp-block-group alignfull is-style-ext-preset--group--natural-1--section ext-animate--on has-background-background-color has-background has-global-padding is-layout-constrained wp-block-group-is-layout-constrained\" style=\"margin-top:0;margin-bottom:0;padding-top:var(--wp--preset--spacing--70);padding-bottom:var(--wp--preset--spacing--70)\">\n<div class=\"wp-block-columns alignwide are-vertically-aligned-center ext-animate--on is-layout-flex wp-container-core-columns-is-layout-174606dc wp-block-columns-is-layout-flex\">\n<div class=\"wp-block-column is-vertically-aligned-center ext-animate--on is-layout-flow wp-block-column-is-layout-flow\">\n<h2 class=\"wp-block-heading ext-animate--on\">Learn how at CBN CleanPro we work to transform professional cleaning.<\/h2>\n\n\n\n<p class=\"ext-animate--on\">At CBN CleanPro, our mission is to provide professional cleaning services in Valencia with quality and commitment, focusing on customer satisfaction and environmental responsibility. Our vision is to be leaders in post-construction cleaning solutions, office cleaning, community area cleaning, and cleaning for vacation rentals, guided by innovation and responsibility.<\/p>\n\n\n\n<figure class=\"wp-block-pullquote ext-animate--on\"><blockquote><p>At CBN CleanPro, we provide<br>comprehensive cleaning solutions<br>with the highest standards of<br>quality, guaranteeing a service<br>efficient, punctual and personalized.<br>We are committed to maintaining<br>close communication and a<br>continuous monitoring,<br>adapting to the needs<br>specific to each space and<br>client, ensuring results that<br>reflect professionalism, order and<br>excellence in every detail.<\/p><\/blockquote><\/figure>\n\n\n\n<p class=\"ext-animate--on\"><\/p>\n<\/div>\n\n\n\n<div class=\"wp-block-column is-vertically-aligned-center ext-animate--on is-layout-flow wp-block-column-is-layout-flow\">\n<div class=\"wp-block-columns ext-animate--on is-layout-flex wp-container-core-columns-is-layout-28f84493 wp-block-columns-is-layout-flex\">\n<div class=\"wp-block-column ext-animate--on is-layout-flow wp-block-column-is-layout-flow\" style=\"flex-basis:100%\">\n<div class=\"wp-block-cover ext-animate--on\" style=\"min-height:100vh;aspect-ratio:unset;\"><img loading=\"lazy\" decoding=\"async\" width=\"683\" height=\"1024\" class=\"wp-block-cover__image-background wp-image-372\" alt=\"\" src=\"https:\/\/cbncleanprovalencia.es\/wp-content\/uploads\/2026\/03\/ChatGPT-Image-8-mar-2026-10_59_03-1-683x1024.png\" data-object-fit=\"cover\" srcset=\"https:\/\/cbncleanprovalencia.es\/wp-content\/uploads\/2026\/03\/ChatGPT-Image-8-mar-2026-10_59_03-1-683x1024.png 683w, https:\/\/cbncleanprovalencia.es\/wp-content\/uploads\/2026\/03\/ChatGPT-Image-8-mar-2026-10_59_03-1-200x300.png 200w, https:\/\/cbncleanprovalencia.es\/wp-content\/uploads\/2026\/03\/ChatGPT-Image-8-mar-2026-10_59_03-1-768x1152.png 768w, https:\/\/cbncleanprovalencia.es\/wp-content\/uploads\/2026\/03\/ChatGPT-Image-8-mar-2026-10_59_03-1-8x12.png 8w, https:\/\/cbncleanprovalencia.es\/wp-content\/uploads\/2026\/03\/ChatGPT-Image-8-mar-2026-10_59_03-1.png 1024w\" sizes=\"auto, (max-width: 683px) 100vw, 683px\" \/><span aria-hidden=\"true\" class=\"wp-block-cover__background has-background-dim\"><\/span><div class=\"wp-block-cover__inner-container is-layout-flow wp-block-cover-is-layout-flow\">\n<p class=\"has-text-align-center ext-animate--on has-large-font-size\"><\/p>\n<\/div><\/div>\n<\/div>\n<\/div>\n<\/div>\n<\/div>\n<\/div>\n\n\n\n<div class=\"wp-block-group alignfull is-style-ext-preset--group--natural-1--section ext-animate--on has-tertiary-background-color has-background has-global-padding is-layout-constrained wp-block-group-is-layout-constrained\" style=\"margin-top:0;margin-bottom:0;padding-top:var(--wp--preset--spacing--70);padding-bottom:var(--wp--preset--spacing--70)\">\n<div class=\"wp-block-columns alignwide ext-animate--on is-layout-flex wp-container-core-columns-is-layout-174606dc wp-block-columns-is-layout-flex\">\n<div class=\"wp-block-column is-vertically-aligned-top ext-animate--on is-layout-flow wp-block-column-is-layout-flow\">\n<h2 class=\"wp-block-heading ext-animate--off\">Trust our experience to transform your environment.<\/h2>\n<\/div>\n\n\n\n<div class=\"wp-block-column ext-animate--on is-layout-flow wp-block-column-is-layout-flow\">\n<p class=\"ext-animate--on\">Discover how our professional services can improve your space and make your daily life easier. Join those who already enjoy spotless environments with CBN CleanPro.<\/p>\n<\/div>\n<\/div>\n<\/div>","protected":false},"excerpt":{"rendered":"<p>Conoce c\u00f3mo en CBN CleanPro trabajamos para transformar la limpieza profesional. En CBN CleanPro, nuestra misi\u00f3n es brindar servicios de limpieza profesional en Valencia con calidad y compromiso, enfoc\u00e1ndonos en la satisfacci\u00f3n del cliente y el cuidado del entorno. Nuestra visi\u00f3n es ser l\u00edderes en soluciones de limpieza final de obra, limpieza para oficinas, \u00e1reas [&hellip;]<\/p>\n","protected":false},"author":1,"featured_media":0,"parent":0,"menu_order":0,"comment_status":"closed","ping_status":"closed","template":"page-with-title","meta":{"footnotes":""},"class_list":["post-347","page","type-page","status-publish","hentry"],"_links":{"self":[{"href":"https:\/\/cbncleanprovalencia.es\/en\/wp-json\/wp\/v2\/pages\/347","targetHints":{"allow":["GET"]}}],"collection":[{"href":"https:\/\/cbncleanprovalencia.es\/en\/wp-json\/wp\/v2\/pages"}],"about":[{"href":"https:\/\/cbncleanprovalencia.es\/en\/wp-json\/wp\/v2\/types\/page"}],"author":[{"embeddable":true,"href":"https:\/\/cbncleanprovalencia.es\/en\/wp-json\/wp\/v2\/users\/1"}],"replies":[{"embeddable":true,"href":"https:\/\/cbncleanprovalencia.es\/en\/wp-json\/wp\/v2\/comments?post=347"}],"version-history":[{"count":28,"href":"https:\/\/cbncleanprovalencia.es\/en\/wp-json\/wp\/v2\/pages\/347\/revisions"}],"predecessor-version":[{"id":378,"href":"https:\/\/cbncleanprovalencia.es\/en\/wp-json\/wp\/v2\/pages\/347\/revisions\/378"}],"wp:attachment":[{"href":"https:\/\/cbncleanprovalencia.es\/en\/wp-json\/wp\/v2\/media?parent=347"}],"curies":[{"name":"wp","href":"https:\/\/api.w.org\/{rel}","templated":true}]}}